{"id":441,"date":"2021-02-02T00:33:18","date_gmt":"2021-02-02T00:33:18","guid":{"rendered":"https:\/\/ciprianpocreata.ro\/services\/"},"modified":"2025-11-28T10:48:15","modified_gmt":"2025-11-28T10:48:15","slug":"services","status":"publish","type":"page","link":"https:\/\/ciprianpocreata.ro\/home\/services\/","title":{"rendered":"Services"},"content":{"rendered":"<!--themify_builder_content-->\n<div id=\"themify_builder_content-441\" data-postid=\"441\" class=\"themify_builder_content themify_builder_content-441 themify_builder tf_clear\">\n    \t\t\t<!-- module_row -->\n\t<div  data-lazy=\"1\" class=\"module_row themify_builder_row tb_2z2l176 tb_first tf_w tf_clearfix\">\n\t    \t\t\t<div class=\"row_inner col_align_middle tb_col_count_2 tf_box tf_rel\">\n\t\t            <div  data-lazy=\"1\" class=\"module_column tb-column col3-1 tb_yryk176 first\">\n                                                        <div class=\"tb-column-inner tf_box tf_w\">\n                        <!-- module text -->\n<div  class=\"module module-text tb_ioth177   \" data-lazy=\"1\">\n        <div  class=\"tb_text_wrap\">\n    <h6 style=\"text-align: center;\">Servicii \u0219i Oferte!<\/h6>    <\/div>\n<\/div>\n<!-- \/module text --><!-- module text -->\n<div  class=\"module module-text tb_rdgd614   \" data-lazy=\"1\">\n        <div  class=\"tb_text_wrap\">\n    <p id=\"tw-target-text\" class=\"tw-data-text tw-text-large tw-ta\" dir=\"ltr\" style=\"text-align: center;\" data-placeholder=\"Translation\"><span class=\"Y2IQFc\" lang=\"ro\">Oferim o gam\u0103 larg\u0103 de servicii de fotografie. Cu o experien\u021b\u0103 puternic\u0103 in industrie, am fotografiat\u00a0 multe cupluri fericite \u0219i z\u00e2mbete. Las\u0103 obiectivul nostru s\u0103 surprind\u0103 momentele tale frumoase \u00een continuare.<\/span><\/p>    <\/div>\n<\/div>\n<!-- \/module text -->                    <\/div><!-- .tb-column-inner -->\n                            <\/div><!-- .module_column -->\n                        <div  data-lazy=\"1\" class=\"module_column tb-column col3-2 tb_iirq177 last\">\n                                                        <div class=\"tb-column-inner tf_box tf_w\">\n                        <!-- module image -->\n<div  class=\"module module-image tb_lrie884 rounded drop-shadow bordered  image-top tf_mw\" data-lazy=\"1\">\n        <div class=\"image-wrap tf_rel tf_mw\">\n\t\t    <img loading=\"lazy\" decoding=\"async\" width=\"2000\" height=\"1335\" src=\"https:\/\/ciprianpocreata.ro\/wp-content\/uploads\/2024\/04\/32.jpg\" class=\"wp-post-image wp-image-2445\" title=\"32\" alt=\"32\" srcset=\"https:\/\/ciprianpocreata.ro\/wp-content\/uploads\/2024\/04\/32.jpg 2000w, https:\/\/ciprianpocreata.ro\/wp-content\/uploads\/2024\/04\/32-1024x684-300x200.jpg 300w, https:\/\/ciprianpocreata.ro\/wp-content\/uploads\/2024\/04\/32-1024x684.jpg 1024w, https:\/\/ciprianpocreata.ro\/wp-content\/uploads\/2024\/04\/32-768x513.jpg 768w, https:\/\/ciprianpocreata.ro\/wp-content\/uploads\/2024\/04\/32-1536x1025.jpg 1536w, https:\/\/ciprianpocreata.ro\/wp-content\/uploads\/2024\/04\/32-1024x684-1200x800.jpg 1200w, https:\/\/ciprianpocreata.ro\/wp-content\/uploads\/2024\/04\/32-1024x684-900x600.jpg 900w\" sizes=\"auto, (max-width: 2000px) 100vw, 2000px\" \/>\t\n\t\t<\/div>\n\t<!-- \/image-wrap -->\n    \n    \t<\/div>\n<!-- \/module image -->                    <\/div><!-- .tb-column-inner -->\n                            <\/div><!-- .module_column -->\n            \t    <\/div><!-- .row_inner -->\n\t<\/div><!-- .module_row -->\n\t\t\t\t<!-- module_row -->\n\t<div  data-lazy=\"1\" class=\"module_row themify_builder_row tb_34zf309 tf_w tf_clearfix\">\n\t    \t\t\t<div class=\"row_inner col_align_top col_auto_height tb_col_count_2 tf_box tf_rel\">\n\t\t            <div  data-lazy=\"1\" class=\"module_column tb-column col4-2 tb_ol69289 first\">\n                                                        <div class=\"tb-column-inner tf_box tf_w\">\n                        <!-- module text -->\n<div  class=\"module module-text tb_y5tm984   \" data-lazy=\"1\">\n        <div  class=\"tb_text_wrap\">\n    <h5 style=\"text-align: center;\">Pachet\u00a0 Basic<\/h5>    <\/div>\n<\/div>\n<!-- \/module text --><!-- module text -->\n<div  class=\"module module-text tb_r7ck504   \" data-lazy=\"1\">\n        <div  class=\"tb_text_wrap\">\n    <h5>\u00a0De la 1300 <del>(1500) <\/del>euro<\/h5>    <\/div>\n<\/div>\n<!-- \/module text --><!-- module text -->\n<div  class=\"module module-text tb_9xhm686  repeat \" data-lazy=\"1\">\n        <div  class=\"tb_text_wrap\">\n    <p>1 Fotograf<br>1 Videograf<br>Filmare 4k<br>Nelimitat fotografii prelucrate\u00a0individual<br>Acces link + arhivare foto 6 luni\/video\/stik<br>Timp de predare p\u00e2n\u0103 la 90 zile<\/p>    <\/div>\n<\/div>\n<!-- \/module text --><!-- module text -->\n<div  class=\"module module-text tb_xrvt510   \" data-lazy=\"1\">\n        <div  class=\"tb_text_wrap\">\n    <h5>Descriere<\/h5>\n<p><span class=\"Y2IQFc\" lang=\"ro\">Pachet complet de foto-video de nunt\u0103, botez ori majorat care include fotografii \u0219i video: pregatiri miri (bebe), cununie civil\u0103 (in aceea\u0219i zi), ceremonie religioas\u0103, eveniment sal\u0103, numar nelimitat de imagini, video din parcursul evenimentului, clip Best Moment 3\/6 minute<\/span><\/p>    <\/div>\n<\/div>\n<!-- \/module text -->                    <\/div><!-- .tb-column-inner -->\n                            <\/div><!-- .module_column -->\n                        <div  data-lazy=\"1\" class=\"module_column tb-column col4-2 tb_3x12310 last\">\n                                                        <div class=\"tb-column-inner tf_box tf_w\">\n                        <!-- module text -->\n<div  class=\"module module-text tb_q3qr511   \" data-lazy=\"1\">\n        <div  class=\"tb_text_wrap\">\n    <h5 style=\"text-align: center;\">Pachet\u00a0 Extra<\/h5>    <\/div>\n<\/div>\n<!-- \/module text --><!-- module text -->\n<div  class=\"module module-text tb_z0wz965   \" data-lazy=\"1\">\n        <div  class=\"tb_text_wrap\">\n    <h5>De la 1500 <del>(1700)<\/del> euro<\/h5>    <\/div>\n<\/div>\n<!-- \/module text --><!-- module text -->\n<div  class=\"module module-text tb_dvqv647   \" data-lazy=\"1\">\n        <div  class=\"tb_text_wrap\">\n    <p>1 Fotograf<br>1 Videograf+Dron\u0103<br>Filmare 4K<br>Album Foto 25&#215;25 cm<br>Nelimitat fotografii prelucrate\u00a0individual<br>Acces link + arhivare foto 6 luni\/video\/stik<br>Timp de predare p\u00e2n\u0103 la 90 zile<\/p>    <\/div>\n<\/div>\n<!-- \/module text --><!-- module text -->\n<div  class=\"module module-text tb_hs6b821   \" data-lazy=\"1\">\n        <div  class=\"tb_text_wrap\">\n    <h5>Descriere<\/h5>\n<p><span class=\"Y2IQFc\" lang=\"ro\">Pachet complet de foto-video de nunt\u0103, botez ori majorat care include fotografii \u0219i video: pregatiri miri (bebe), cununie civil\u0103 (in aceea\u0219i zi), ceremonie religioas\u0103, eveniment sal\u0103, numar nelimitat de imagini, video din parcursul evenimentului, clip Best Moment 3\/6 minute<\/span><\/p>    <\/div>\n<\/div>\n<!-- \/module text -->                    <\/div><!-- .tb-column-inner -->\n                            <\/div><!-- .module_column -->\n            \t    <\/div><!-- .row_inner -->\n\t<\/div><!-- .module_row -->\n\t\t\t\t<!-- module_row -->\n\t<div  data-lazy=\"1\" class=\"module_row themify_builder_row tb_70pz460 tf_w tf_clearfix\">\n\t    \t\t\t<div class=\"row_inner col_align_top col_auto_height tb_col_count_2 tf_box tf_rel\">\n\t\t            <div  data-lazy=\"1\" class=\"module_column tb-column col4-2 tb_yskb460 first\">\n                                                        <div class=\"tb-column-inner tf_box tf_w\">\n                        <!-- module text -->\n<div  class=\"module module-text tb_t4cw460   \" data-lazy=\"1\">\n        <div  class=\"tb_text_wrap\">\n    <h5>Pachet de nunt\u0103<\/h5>    <\/div>\n<\/div>\n<!-- \/module text --><!-- module text -->\n<div  class=\"module module-text tb_wulf460   \" data-lazy=\"1\">\n        <div  class=\"tb_text_wrap\">\n    <h5>de la 650 euro (pachet foto)<\/h5>    <\/div>\n<\/div>\n<!-- \/module text --><!-- module text -->\n<div  class=\"module module-text tb_foqs460   \" data-lazy=\"1\">\n        <div  class=\"tb_text_wrap\">\n    <p>Descriere<\/p>\n<p><span class=\"Y2IQFc\" lang=\"ro\">Pachet complet fotografie de nunt\u0103 care include fotografii pregatiri miri, cununie civil\u0103 (in aceea\u0219i zi), ceremonie religioas\u0103, eveniment sal\u0103, numar nelimitat de imagini<\/span><\/p>    <\/div>\n<\/div>\n<!-- \/module text -->                    <\/div><!-- .tb-column-inner -->\n                            <\/div><!-- .module_column -->\n                        <div  data-lazy=\"1\" class=\"module_column tb-column col4-2 tb_4r02460 last\">\n                                                        <div class=\"tb-column-inner tf_box tf_w\">\n                        <!-- module text -->\n<div  class=\"module module-text tb_54m7460   \" data-lazy=\"1\">\n        <div  class=\"tb_text_wrap\">\n    <h5>Pachet de Nunt\u0103\u00a0<\/h5>    <\/div>\n<\/div>\n<!-- \/module text --><!-- module text -->\n<div  class=\"module module-text tb_th4g460   \" data-lazy=\"1\">\n        <div  class=\"tb_text_wrap\">\n    <h5>de la 650 euro (pachet video)<\/h5>    <\/div>\n<\/div>\n<!-- \/module text --><!-- module text -->\n<div  class=\"module module-text tb_tww0460   \" data-lazy=\"1\">\n        <div  class=\"tb_text_wrap\">\n    <p>\u00a0<\/p>\n<p>Descriere<\/p>\n<p><span class=\"Y2IQFc\" lang=\"ro\">Pachet complet videografie de nunt\u0103 care include filmare pregatiri miri, cununie civil\u0103 (in aceea\u0219i zi), ceremonie religioas\u0103, eveniment sal\u0103, predare video cinematic p\u00e2n\u0103 la 2 ore \u0219i jum\u0103tate!<\/span><\/p>    <\/div>\n<\/div>\n<!-- \/module text -->                    <\/div><!-- .tb-column-inner -->\n                            <\/div><!-- .module_column -->\n            \t    <\/div><!-- .row_inner -->\n\t<\/div><!-- .module_row -->\n\t\t\t\t<!-- module_row -->\n\t<div  data-lazy=\"1\" class=\"module_row themify_builder_row tb_kx3g494 tf_w tf_clearfix\">\n\t    \t\t\t<div class=\"row_inner col_align_top tb_col_count_1 tf_box tf_rel\">\n\t\t            <div  data-lazy=\"1\" class=\"module_column tb-column col-full tb_xbr2495 first\">\n                                                        <div class=\"tb-column-inner tf_box tf_w\">\n                        <!-- module text -->\n<div  class=\"module module-text tb_gzrs495   \" data-lazy=\"1\">\n        <div  class=\"tb_text_wrap\">\n    <h5>Servicii Extra<\/h5>    <\/div>\n<\/div>\n<!-- \/module text --><!-- module text -->\n<div  class=\"module module-text tb_5mag495   \" data-lazy=\"1\">\n        <div  class=\"tb_text_wrap\">\n    <p>1 Fotograf Extra-600 euro<br>1 Videograf Extra-600 Euro<br>\u00a0Dron\u0103\u00a0 &#8211; 300 Euro<br>Macara &#8211; 400 Euro<\/p>    <\/div>\n<\/div>\n<!-- \/module text -->                    <\/div><!-- .tb-column-inner -->\n                            <\/div><!-- .module_column -->\n            \t    <\/div><!-- .row_inner -->\n\t<\/div><!-- .module_row -->\n\t\t\t\t<!-- module_row -->\n\t<div  data-lazy=\"1\" class=\"module_row themify_builder_row tb_dixd177 tf_w tf_clearfix\">\n\t    \t\t\t<div class=\"row_inner col_align_top tb_col_count_1 tf_box tf_rel\">\n\t\t            <div  data-lazy=\"1\" class=\"module_column tb-column col-full tb_b3o3177 first\">\n                                                        <div class=\"tb-column-inner tf_box tf_w\">\n                        <!-- module text -->\n<div  class=\"module module-text tb_8dam177   \" data-lazy=\"1\">\n        <div  class=\"tb_text_wrap\">\n    <h4>HAI S\u0102 LUCRAM \u00ceMREUN\u0102<\/h4>\n<h3>Contacta\u021bi-ne pentru oferte \u0219i rezerv\u0103ri!<\/h3>    <\/div>\n<\/div>\n<!-- \/module text -->                    <\/div><!-- .tb-column-inner -->\n                            <\/div><!-- .module_column -->\n            \t    <\/div><!-- .row_inner -->\n\t<\/div><!-- .module_row -->\n\t\t\t\t<!-- module_row -->\n\t<div  data-lazy=\"1\" class=\"module_row themify_builder_row tb_7d2i856 tf_w tf_clearfix\">\n\t    \t\t\t<div class=\"row_inner col_align_top tb_col_count_1 tf_box tf_rel\">\n\t\t            <div  data-lazy=\"1\" class=\"module_column tb-column tb_mlw5242 first\">\n                                                <\/div><!-- .module_column -->\n            \t    <\/div><!-- .row_inner -->\n\t<\/div><!-- .module_row -->\n\t<\/div>\n<!--\/themify_builder_content-->","protected":false},"excerpt":{"rendered":"<p>Services We provide a range of photography services. With more than 12-year experience in the industry, we&#8217;ve captured thousands of happy couples and smiles. Let our lens capture your beautiful moments next. Wedding Package from $3000 Full wedding photo package that includes pre-wedding, ceremony photos, prints, canvas, digital images, and more.\u00a0 Book Now Family Portrait [&hellip;]<\/p>\n","protected":false},"author":1,"featured_media":0,"parent":0,"menu_order":0,"comment_status":"closed","ping_status":"closed","template":"","meta":{"footnotes":""},"class_list":["post-441","page","type-page","status-publish","hentry","has-post-title","has-post-date","has-post-category","has-post-tag","has-post-comment","has-post-author",""],"builder_content":"<h6 style=\"text-align: center;\">Servicii \u0219i Oferte!<\/h6>\n<p id=\"tw-target-text\" dir=\"ltr\" style=\"text-align: center;\" data-placeholder=\"Translation\">Oferim o gam\u0103 larg\u0103 de servicii de fotografie. Cu o experien\u021b\u0103 puternic\u0103 in industrie, am fotografiat\u00a0 multe cupluri fericite \u0219i z\u00e2mbete. Las\u0103 obiectivul nostru s\u0103 surprind\u0103 momentele tale frumoase \u00een continuare.<\/p>\n<img src=\"https:\/\/ciprianpocreata.ro\/wp-content\/uploads\/2024\/04\/32.jpg\" title=\"32\" alt=\"32\" srcset=\"https:\/\/ciprianpocreata.ro\/wp-content\/uploads\/2024\/04\/32.jpg 2000w, https:\/\/ciprianpocreata.ro\/wp-content\/uploads\/2024\/04\/32-1024x684-300x200.jpg 300w, https:\/\/ciprianpocreata.ro\/wp-content\/uploads\/2024\/04\/32-1024x684.jpg 1024w, https:\/\/ciprianpocreata.ro\/wp-content\/uploads\/2024\/04\/32-768x513.jpg 768w, https:\/\/ciprianpocreata.ro\/wp-content\/uploads\/2024\/04\/32-1536x1025.jpg 1536w, https:\/\/ciprianpocreata.ro\/wp-content\/uploads\/2024\/04\/32-1024x684-1200x800.jpg 1200w, https:\/\/ciprianpocreata.ro\/wp-content\/uploads\/2024\/04\/32-1024x684-900x600.jpg 900w\" sizes=\"(max-width: 2000px) 100vw, 2000px\" \/>\n<h5 style=\"text-align: center;\">Pachet\u00a0 Basic<\/h5>\n<h5>\u00a0De la 1300 <del>(1500) <\/del>euro<\/h5>\n<p>1 Fotograf<br>1 Videograf<br>Filmare 4k<br>Nelimitat fotografii prelucrate\u00a0individual<br>Acces link + arhivare foto 6 luni\/video\/stik<br>Timp de predare p\u00e2n\u0103 la 90 zile<\/p>\n<h5>Descriere<\/h5> <p>Pachet complet de foto-video de nunt\u0103, botez ori majorat care include fotografii \u0219i video: pregatiri miri (bebe), cununie civil\u0103 (in aceea\u0219i zi), ceremonie religioas\u0103, eveniment sal\u0103, numar nelimitat de imagini, video din parcursul evenimentului, clip Best Moment 3\/6 minute<\/p>\n<h5 style=\"text-align: center;\">Pachet\u00a0 Extra<\/h5>\n<h5>De la 1500 <del>(1700)<\/del> euro<\/h5>\n<p>1 Fotograf<br>1 Videograf+Dron\u0103<br>Filmare 4K<br>Album Foto 25x25 cm<br>Nelimitat fotografii prelucrate\u00a0individual<br>Acces link + arhivare foto 6 luni\/video\/stik<br>Timp de predare p\u00e2n\u0103 la 90 zile<\/p>\n<h5>Descriere<\/h5> <p>Pachet complet de foto-video de nunt\u0103, botez ori majorat care include fotografii \u0219i video: pregatiri miri (bebe), cununie civil\u0103 (in aceea\u0219i zi), ceremonie religioas\u0103, eveniment sal\u0103, numar nelimitat de imagini, video din parcursul evenimentului, clip Best Moment 3\/6 minute<\/p>\n<h5>Pachet de nunt\u0103<\/h5>\n<h5>de la 650 euro (pachet foto)<\/h5>\n<p>Descriere<\/p> <p>Pachet complet fotografie de nunt\u0103 care include fotografii pregatiri miri, cununie civil\u0103 (in aceea\u0219i zi), ceremonie religioas\u0103, eveniment sal\u0103, numar nelimitat de imagini<\/p>\n<h5>Pachet de Nunt\u0103\u00a0<\/h5>\n<h5>de la 650 euro (pachet video)<\/h5>\n<p>\u00a0<\/p> <p>Descriere<\/p> <p>Pachet complet videografie de nunt\u0103 care include filmare pregatiri miri, cununie civil\u0103 (in aceea\u0219i zi), ceremonie religioas\u0103, eveniment sal\u0103, predare video cinematic p\u00e2n\u0103 la 2 ore \u0219i jum\u0103tate!<\/p>\n<h5>Servicii Extra<\/h5>\n<p>1 Fotograf Extra-600 euro<br>1 Videograf Extra-600 Euro<br>\u00a0Dron\u0103\u00a0 - 300 Euro<br>Macara - 400 Euro<\/p>\n<h4>HAI S\u0102 LUCRAM \u00ceMREUN\u0102<\/h4> <h3>Contacta\u021bi-ne pentru oferte \u0219i rezerv\u0103ri!<\/h3>","_links":{"self":[{"href":"https:\/\/ciprianpocreata.ro\/home\/wp-json\/wp\/v2\/pages\/441","targetHints":{"allow":["GET"]}}],"collection":[{"href":"https:\/\/ciprianpocreata.ro\/home\/wp-json\/wp\/v2\/pages"}],"about":[{"href":"https:\/\/ciprianpocreata.ro\/home\/wp-json\/wp\/v2\/types\/page"}],"author":[{"embeddable":true,"href":"https:\/\/ciprianpocreata.ro\/home\/wp-json\/wp\/v2\/users\/1"}],"replies":[{"embeddable":true,"href":"https:\/\/ciprianpocreata.ro\/home\/wp-json\/wp\/v2\/comments?post=441"}],"version-history":[{"count":296,"href":"https:\/\/ciprianpocreata.ro\/home\/wp-json\/wp\/v2\/pages\/441\/revisions"}],"predecessor-version":[{"id":5451,"href":"https:\/\/ciprianpocreata.ro\/home\/wp-json\/wp\/v2\/pages\/441\/revisions\/5451"}],"wp:attachment":[{"href":"https:\/\/ciprianpocreata.ro\/home\/wp-json\/wp\/v2\/media?parent=441"}],"curies":[{"name":"wp","href":"https:\/\/api.w.org\/{rel}","templated":true}]}}